{"id":2056,"date":"2025-01-07T12:22:54","date_gmt":"2025-01-07T12:22:54","guid":{"rendered":"https:\/\/www.ffbogotafc.online\/?page_id=2056"},"modified":"2025-01-07T12:23:06","modified_gmt":"2025-01-07T12:23:06","slug":"ffbogotafc-proceso-de-ingreso","status":"publish","type":"page","link":"https:\/\/www.ffbogotafc.online\/index.php\/ffbogotafc-proceso-de-ingreso\/","title":{"rendered":"FFBOGOTAFC-PROCESO DE INGRESO"},"content":{"rendered":"\n<div class=\"wp-block-columns is-layout-flex wp-container-core-columns-is-layout-9d6595d7 wp-block-columns-is-layout-flex\">\n<div class=\"wp-block-column is-layout-flow wp-block-column-is-layout-flow\" style=\"flex-basis:33.33%\">\n<figure class=\"wp-block-image size-full\"><img loading=\"lazy\" decoding=\"async\" width=\"828\" height=\"739\" src=\"https:\/\/www.ffbogotafc.online\/wp-content\/uploads\/2025\/01\/IMG-20241211-WA0054.jpg\" alt=\"\" class=\"wp-image-2059\" srcset=\"https:\/\/www.ffbogotafc.online\/wp-content\/uploads\/2025\/01\/IMG-20241211-WA0054.jpg 828w, https:\/\/www.ffbogotafc.online\/wp-content\/uploads\/2025\/01\/IMG-20241211-WA0054-300x268.jpg 300w, https:\/\/www.ffbogotafc.online\/wp-content\/uploads\/2025\/01\/IMG-20241211-WA0054-768x685.jpg 768w\" sizes=\"auto, (max-width: 828px) 100vw, 828px\" \/><\/figure>\n<\/div>\n\n\n\n<div class=\"wp-block-column is-layout-flow wp-block-column-is-layout-flow\" style=\"flex-basis:66.66%\"><\/div>\n<\/div>\n\n\n\n<p>\u00a1Bienvenidos, queridos padres de familia!<\/p>\n\n\n\n<p>Nos complace enormemente que hayan mostrado inter\u00e9s en formar parte del Club Forjando Futuro Bogot\u00e1 F.C.<\/p>\n\n\n\n<p>Sabemos que elegir el lugar adecuado para el desarrollo deportivo de sus hijos es una decisi\u00f3n importante, y estamos aqu\u00ed para asegurarnos de que se sientan apoyados y entusiasmados por unirse a nuestra comunidad.<\/p>\n\n\n\n<p>En el Club Forjando Futuro Bogot\u00e1 F.C., creemos firmemente en el poder transformador del deporte. Nuestro objetivo es no solo desarrollar grandes futbolistas, sino tambi\u00e9n formar individuos con valores s\u00f3lidos, como el respeto, la disciplina y el trabajo en equipo. Cada entrenamiento, cada partido y cada actividad que realizamos est\u00e1 dise\u00f1ado para ofrecer a los j\u00f3venes una experiencia enriquecedora y divertida.<\/p>\n\n\n\n<p><strong>\u00bfQu\u00e9 pueden esperar al unirse a nuestro club?<\/strong><\/p>\n\n\n\n<ol start=\"1\" class=\"wp-block-list\">\n<li><strong>Entrenamiento de Calidad:<\/strong> Contamos con un equipo de entrenadores altamente calificados y apasionados por el f\u00fatbol. Nos enfocamos en desarrollar las habilidades t\u00e9cnicas, t\u00e1cticas y f\u00edsicas de cada jugador, adaptando los entrenamientos a sus necesidades y niveles de habilidad.<\/li>\n\n\n\n<li><strong>Valores y Educaci\u00f3n:<\/strong> M\u00e1s all\u00e1 del deporte, fomentamos un entorno donde se promueven valores fundamentales. Creemos que el respeto, la responsabilidad y el compa\u00f1erismo son clave para el crecimiento personal de nuestros jugadores.<\/li>\n\n\n\n<li><strong>Competencias y Torneos:<\/strong> Participamos activamente en torneos locales, distritales y nacionales, brindando a los jugadores la oportunidad de poner en pr\u00e1ctica lo aprendido y vivir la emoci\u00f3n de la competencia.<\/li>\n\n\n\n<li><strong>Ambiente Familiar:<\/strong> Nuestra comunidad es como una gran familia. Los padres juegan un papel fundamental en el apoyo y desarrollo de los jugadores. Organizamos actividades y eventos que integran a todos y fortalecen los lazos entre miembros del club.<\/li>\n<\/ol>\n\n\n\n<p>Estamos encantados de que consideren unirse a nosotros y ser parte de esta emocionante aventura. El proceso de inscripci\u00f3n es sencillo: <\/p>\n\n\n\n<ol class=\"wp-block-list\">\n<li>Solicita programar sesi\u00f3n de evaluaci\u00f3n de ingreso. <a href=\"https:\/\/wa.link\/wkgdd2\" data-type=\"link\" data-id=\"https:\/\/wa.link\/wkgdd2\">Da click aqu\u00ed.<\/a><\/li>\n\n\n\n<li>Los padres de familia asisten con el jugador en la fecha y sede elegida. Firma de documentos de autorizaci\u00f3n para que el menor presente las pruebas de ingreso.<\/li>\n\n\n\n<li>Despues que el menor presente la evaluaci\u00f3n de ingreso el entrenador encargado emitir\u00e1 inmediantamente a los padres de familia los resultados del mismo.<\/li>\n\n\n\n<li>Se entregar\u00e1 toda la informaci\u00f3n relacionada sobre los planes de entrenamiento, costos y sedes.<\/li>\n<\/ol>\n\n\n\n<p>No duden en contactarnos para cualquier consulta o informaci\u00f3n adicional. <a href=\"https:\/\/wa.link\/bavg73\" data-type=\"link\" data-id=\"https:\/\/wa.link\/bavg73\">Da click aqu\u00ed<\/a><\/p>\n\n\n\n<p>\u00a1Esperamos verlos pronto y darles la bienvenida al campo de entrenamiento!<\/p>\n\n\n\n<p>Con entusiasmo y gratitud,<\/p>\n\n\n\n<p>Club Deportivo Forjando Futuro Bogot\u00e1 F.C.<\/p>\n\n\n\n<p><\/p>\n","protected":false},"excerpt":{"rendered":"<p>\u00a1Bienvenidos, queridos padres de familia! Nos complace enormemente que hayan mostrado inter\u00e9s en formar parte del Club Forjando Futuro Bogot\u00e1 F.C. Sabemos que elegir el lugar adecuado para el desarrollo deportivo de sus hijos es una decisi\u00f3n importante, y estamos aqu\u00ed para asegurarnos de que se sientan apoyados y entusiasmados por unirse a nuestra comunidad. [&hellip;]<\/p>\n","protected":false},"author":1,"featured_media":0,"parent":0,"menu_order":0,"comment_status":"closed","ping_status":"closed","template":"","meta":{"footnotes":""},"class_list":["post-2056","page","type-page","status-publish","hentry"],"amp_enabled":true,"_links":{"self":[{"href":"https:\/\/www.ffbogotafc.online\/index.php\/wp-json\/wp\/v2\/pages\/2056","targetHints":{"allow":["GET"]}}],"collection":[{"href":"https:\/\/www.ffbogotafc.online\/index.php\/wp-json\/wp\/v2\/pages"}],"about":[{"href":"https:\/\/www.ffbogotafc.online\/index.php\/wp-json\/wp\/v2\/types\/page"}],"author":[{"embeddable":true,"href":"https:\/\/www.ffbogotafc.online\/index.php\/wp-json\/wp\/v2\/users\/1"}],"replies":[{"embeddable":true,"href":"https:\/\/www.ffbogotafc.online\/index.php\/wp-json\/wp\/v2\/comments?post=2056"}],"version-history":[{"count":1,"href":"https:\/\/www.ffbogotafc.online\/index.php\/wp-json\/wp\/v2\/pages\/2056\/revisions"}],"predecessor-version":[{"id":2062,"href":"https:\/\/www.ffbogotafc.online\/index.php\/wp-json\/wp\/v2\/pages\/2056\/revisions\/2062"}],"wp:attachment":[{"href":"https:\/\/www.ffbogotafc.online\/index.php\/wp-json\/wp\/v2\/media?parent=2056"}],"curies":[{"name":"wp","href":"https:\/\/api.w.org\/{rel}","templated":true}]}}