{"id":590,"date":"2021-05-21T23:14:00","date_gmt":"2021-05-21T23:14:00","guid":{"rendered":"https:\/\/www.ffbogotafc.online\/?page_id=590"},"modified":"2025-01-06T06:36:48","modified_gmt":"2025-01-06T06:36:48","slug":"preparacion-de-atletas-al-futbol-semiprofesional-y-profesional","status":"publish","type":"page","link":"https:\/\/www.ffbogotafc.online\/index.php\/preparacion-de-atletas-al-futbol-semiprofesional-y-profesional\/","title":{"rendered":"Preparaci\u00f3n f\u00edsica para iniciar la temporada de competici\u00f3n ."},"content":{"rendered":"\n<div class=\"wp-block-columns are-vertically-aligned-center is-layout-flex wp-container-core-columns-is-layout-9d6595d7 wp-block-columns-is-layout-flex\">\n<div class=\"wp-block-column is-layout-flow wp-block-column-is-layout-flow\">\n<div class=\"wp-block-columns is-layout-flex wp-container-core-columns-is-layout-9d6595d7 wp-block-columns-is-layout-flex\">\n<div class=\"wp-block-column is-layout-flow wp-block-column-is-layout-flow\">\n<p>La preparaci\u00f3n en f\u00fatbol base requiere una preparaci\u00f3n f\u00edsica adecuada para asegurar que los j\u00f3venes jugadores est\u00e9n en \u00f3ptimas condiciones y puedan rendir al m\u00e1ximo en cada partido. A continuaci\u00f3n, te explico los aspectos a tener en cuenta en la preparaci\u00f3n f\u00edsica para que nuestros peque\u00f1os futbolistas puedan enfrentar la temporada con energ\u00eda y confianza.<\/p>\n<\/div>\n<\/div>\n<\/div>\n\n\n\n<div class=\"wp-block-column is-layout-flow wp-block-column-is-layout-flow\">\n<p><strong>1. Evaluaci\u00f3n Inicial<\/strong><\/p>\n\n\n\n<p>2.<strong>Entrenamiento de Resistencia<\/strong><\/p>\n\n\n\n<p><strong>3. Fortalecimiento Muscular<\/strong><\/p>\n\n\n\n<p><strong>4. Flexibilidad y Movilidad<\/strong><\/p>\n\n\n\n<p><strong>5. Entrenamiento de Velocidad y Agilidad<\/strong><\/p>\n\n\n\n<p><strong>6. Recuperaci\u00f3n y Descanso<\/strong><\/p>\n\n\n\n<p><strong>7. Nutrici\u00f3n e Hidrataci\u00f3n<\/strong><\/p>\n\n\n\n<p><strong>8. Mentalidad y Motivaci\u00f3n<\/strong><\/p>\n\n\n\n<p><\/p>\n\n\n\n<p><\/p>\n<\/div>\n\n\n\n<div class=\"wp-block-column is-layout-flow wp-block-column-is-layout-flow\">\n<p>En resumen, una preparaci\u00f3n f\u00edsica adecuada es esencial para que los j\u00f3venes jugadores de f\u00fatbol base puedan enfrentar la temporada de competici\u00f3n con confianza y rendimiento \u00f3ptimo. Siguiendo estos principios, estaremos asegurando no solo su \u00e9xito en el campo, sino tambi\u00e9n su bienestar general.<\/p>\n\n\n\n<p><em><strong>Club Deportivo Forjando Futuro F.C. <\/strong><\/em><\/p>\n\n\n\n<figure class=\"wp-block-image size-large\"><img loading=\"lazy\" decoding=\"async\" width=\"766\" height=\"1024\" src=\"https:\/\/www.ffbogotafc.online\/wp-content\/uploads\/2025\/01\/IMG-20240629-WA0006-1-766x1024.jpg\" alt=\"\" class=\"wp-image-1941\" srcset=\"https:\/\/www.ffbogotafc.online\/wp-content\/uploads\/2025\/01\/IMG-20240629-WA0006-1-766x1024.jpg 766w, https:\/\/www.ffbogotafc.online\/wp-content\/uploads\/2025\/01\/IMG-20240629-WA0006-1-224x300.jpg 224w, https:\/\/www.ffbogotafc.online\/wp-content\/uploads\/2025\/01\/IMG-20240629-WA0006-1-768x1027.jpg 768w, https:\/\/www.ffbogotafc.online\/wp-content\/uploads\/2025\/01\/IMG-20240629-WA0006-1.jpg 957w\" sizes=\"auto, (max-width: 766px) 100vw, 766px\" \/><\/figure>\n<\/div>\n<\/div>\n\n\n\n<p><\/p>\n","protected":false},"excerpt":{"rendered":"<p>La preparaci\u00f3n en f\u00fatbol base requiere una preparaci\u00f3n f\u00edsica adecuada para asegurar que los j\u00f3venes jugadores est\u00e9n en \u00f3ptimas condiciones y puedan rendir al m\u00e1ximo en cada partido. A continuaci\u00f3n, te explico los aspectos a tener en cuenta en la preparaci\u00f3n f\u00edsica para que nuestros peque\u00f1os futbolistas puedan enfrentar la temporada con energ\u00eda y confianza. [&hellip;]<\/p>\n","protected":false},"author":1,"featured_media":0,"parent":0,"menu_order":0,"comment_status":"closed","ping_status":"closed","template":"","meta":{"footnotes":""},"class_list":["post-590","page","type-page","status-publish","hentry"],"amp_enabled":true,"_links":{"self":[{"href":"https:\/\/www.ffbogotafc.online\/index.php\/wp-json\/wp\/v2\/pages\/590","targetHints":{"allow":["GET"]}}],"collection":[{"href":"https:\/\/www.ffbogotafc.online\/index.php\/wp-json\/wp\/v2\/pages"}],"about":[{"href":"https:\/\/www.ffbogotafc.online\/index.php\/wp-json\/wp\/v2\/types\/page"}],"author":[{"embeddable":true,"href":"https:\/\/www.ffbogotafc.online\/index.php\/wp-json\/wp\/v2\/users\/1"}],"replies":[{"embeddable":true,"href":"https:\/\/www.ffbogotafc.online\/index.php\/wp-json\/wp\/v2\/comments?post=590"}],"version-history":[{"count":6,"href":"https:\/\/www.ffbogotafc.online\/index.php\/wp-json\/wp\/v2\/pages\/590\/revisions"}],"predecessor-version":[{"id":1942,"href":"https:\/\/www.ffbogotafc.online\/index.php\/wp-json\/wp\/v2\/pages\/590\/revisions\/1942"}],"wp:attachment":[{"href":"https:\/\/www.ffbogotafc.online\/index.php\/wp-json\/wp\/v2\/media?parent=590"}],"curies":[{"name":"wp","href":"https:\/\/api.w.org\/{rel}","templated":true}]}}